{"id":6443,"date":"2024-11-13T18:18:44","date_gmt":"2024-11-13T18:18:44","guid":{"rendered":"https:\/\/lancaracuba.org\/asociacion\/mision\/"},"modified":"2024-11-13T18:18:44","modified_gmt":"2024-11-13T18:18:44","slug":"mision","status":"publish","type":"page","link":"https:\/\/lancaracuba.org\/gl\/asociacion\/mision\/","title":{"rendered":"Misi\u00f3n"},"content":{"rendered":"\n\t<section class=\"section\" id=\"section_1800713302\">\n\t\t<div class=\"section-bg fill\" >\n\t\t\t\t\t\t\t\t\t\n\t\t\t\n\n\t\t<\/div>\n\n\t\t\n\n\t\t<div class=\"section-content relative\">\n\t\t\t\n\t<div id=\"gap-307973160\" class=\"gap-element clearfix\" style=\"display:block; height:auto;\">\n\t\t\n<style>\n#gap-307973160 {\n  padding-top: 30px;\n}\n<\/style>\n\t<\/div>\n\t\n<div class=\"row align-middle align-center\"  id=\"row-615102614\">\n\n\t<div id=\"col-1662799685\" class=\"col medium-12 small-12 large-6\"  >\n\t\t\t\t<div class=\"col-inner\"  >\n\t\t\t\n\t\t\t\n\t<div class=\"img has-hover x md-x lg-x y md-y lg-y\" id=\"image_2060055279\">\n\t\t\t\t\t\t\t\t<div class=\"img-inner dark\" >\n\t\t\t<img loading=\"lazy\" decoding=\"async\" width=\"600\" height=\"400\" src=\"https:\/\/lancaracuba.org\/wp-content\/uploads\/2020\/01\/imagenes_600_4.png\" class=\"attachment-medium_large size-medium_large\" alt=\"\" srcset=\"https:\/\/lancaracuba.org\/wp-content\/uploads\/2020\/01\/imagenes_600_4.png 600w, https:\/\/lancaracuba.org\/wp-content\/uploads\/2020\/01\/imagenes_600_4-300x200.png 300w\" sizes=\"auto, (max-width: 600px) 100vw, 600px\" \/>\t\t\t\t\t\t\n\t\t\t\t\t<\/div>\n\t\t\t\t\t\t\t\t\n<style>\n#image_2060055279 {\n  width: 100%;\n}\n<\/style>\n\t<\/div>\n\t\n\t\t<\/div>\n\t\t\t\t\t<\/div>\n\n\t\n\n\t<div id=\"col-1283873\" class=\"col medium-12 small-12 large-6\"  >\n\t\t\t\t<div class=\"col-inner\"  >\n\t\t\t\n\t\t\t\n\t<div id=\"text-1694810021\" class=\"text\">\n\t\t\n<h2>Una Amistad que trasciende Fronteras<\/h2>\n\t\t\n<style>\n#text-1694810021 {\n  font-size: 1.3rem;\n}\n<\/style>\n\t<\/div>\n\t\n<p>En la Asociaci\u00f3n de Amistad y Solidaridad L\u00e1ncara &#8211; Cuba creemos en el poder transformador de la solidaridad. Nuestra misi\u00f3n es promover y fortalecer el v\u00ednculo hist\u00f3rico entre Espa\u00f1a y Cuba, creando oportunidades para el desarrollo social, cultural y econ\u00f3mico de las comunidades que apoyamos. Cada proyecto y cada acci\u00f3n buscan llevar ayuda donde m\u00e1s se necesita, siempre desde el respeto, el compromiso y la empat\u00eda.<\/p>\n\t\t<\/div>\n\t\t\t\t\n<style>\n#col-1283873 > .col-inner {\n  padding: 0px 0 0px 0px;\n}\n@media (min-width:550px) {\n  #col-1283873 > .col-inner {\n    padding: 0px 10% 0px 0px;\n  }\n}\n@media (min-width:850px) {\n  #col-1283873 > .col-inner {\n    padding: 0px 0px 0px 15%;\n  }\n}\n<\/style>\n\t<\/div>\n\n\t\n<\/div>\n\t\t<\/div>\n\n\t\t\n<style>\n#section_1800713302 {\n  padding-top: 30px;\n  padding-bottom: 30px;\n}\n<\/style>\n\t<\/section>\n\t\n","protected":false},"excerpt":{"rendered":"","protected":false},"author":1,"featured_media":0,"parent":6438,"menu_order":0,"comment_status":"closed","ping_status":"closed","template":"","meta":{"footnotes":""},"class_list":["post-6443","page","type-page","status-publish","hentry"],"_links":{"self":[{"href":"https:\/\/lancaracuba.org\/gl\/wp-json\/wp\/v2\/pages\/6443","targetHints":{"allow":["GET"]}}],"collection":[{"href":"https:\/\/lancaracuba.org\/gl\/wp-json\/wp\/v2\/pages"}],"about":[{"href":"https:\/\/lancaracuba.org\/gl\/wp-json\/wp\/v2\/types\/page"}],"author":[{"embeddable":true,"href":"https:\/\/lancaracuba.org\/gl\/wp-json\/wp\/v2\/users\/1"}],"replies":[{"embeddable":true,"href":"https:\/\/lancaracuba.org\/gl\/wp-json\/wp\/v2\/comments?post=6443"}],"version-history":[{"count":0,"href":"https:\/\/lancaracuba.org\/gl\/wp-json\/wp\/v2\/pages\/6443\/revisions"}],"up":[{"embeddable":true,"href":"https:\/\/lancaracuba.org\/gl\/wp-json\/wp\/v2\/pages\/6438"}],"wp:attachment":[{"href":"https:\/\/lancaracuba.org\/gl\/wp-json\/wp\/v2\/media?parent=6443"}],"curies":[{"name":"wp","href":"https:\/\/api.w.org\/{rel}","templated":true}]}}