{"id":6411,"date":"2024-11-13T18:16:46","date_gmt":"2024-11-13T18:16:46","guid":{"rendered":"https:\/\/lancaracuba.org\/proyectos\/cima\/"},"modified":"2024-11-14T22:43:26","modified_gmt":"2024-11-14T22:43:26","slug":"cima","status":"publish","type":"page","link":"https:\/\/lancaracuba.org\/gl\/proyectos\/cima\/","title":{"rendered":"CIMA"},"content":{"rendered":"\n\t<section class=\"section\" id=\"section_387960646\">\n\t\t<div class=\"section-bg fill\" >\n\t\t\t\t\t\t\t\t\t\n\t\t\t\n\n\t\t<\/div>\n\n\t\t\n\n\t\t<div class=\"section-content relative\">\n\t\t\t\n<div class=\"row row-collapse row-full-width align-middle align-center\"  id=\"row-963688812\">\n\n\t<div id=\"col-1327848870\" class=\"col medium-12 small-12 large-6 medium-col-first\"  >\n\t\t\t\t<div class=\"col-inner\"  >\n\t\t\t\n\t\t\t\n\n  <div class=\"banner has-hover\" id=\"banner-1389303652\">\n          <div class=\"banner-inner fill\">\n        <div class=\"banner-bg fill\" >\n            <img loading=\"lazy\" decoding=\"async\" width=\"800\" height=\"600\" src=\"https:\/\/lancaracuba.org\/wp-content\/uploads\/2020\/01\/compa_6.png\" class=\"bg attachment-large size-large\" alt=\"\" \/>                                    \n                    <\/div>\n\t\t\n        <div class=\"banner-layers container\">\n            <div class=\"fill banner-link\"><\/div>            \n   <div id=\"text-box-235729766\" class=\"text-box banner-layer x50 md-x50 lg-x50 y50 md-y50 lg-y50 res-text\">\n                                <div class=\"text-box-content text dark\">\n              \n              <div class=\"text-inner text-center\">\n                  \n              <\/div>\n           <\/div>\n                            \n<style>\n#text-box-235729766 {\n  width: 60%;\n}\n#text-box-235729766 .text-box-content {\n  font-size: 100%;\n}\n@media (min-width:550px) {\n  #text-box-235729766 {\n    width: 60%;\n  }\n}\n<\/style>\n    <\/div>\n \n        <\/div>\n      <\/div>\n\n            \n<style>\n#banner-1389303652 {\n  padding-top: 300px;\n  background-color: rgba(255, 255, 255, 0);\n}\n#banner-1389303652 .banner-bg img {\n  object-position: 67% 25%;\n}\n@media (min-width:550px) {\n  #banner-1389303652 {\n    padding-top: 400px;\n  }\n}\n@media (min-width:850px) {\n  #banner-1389303652 {\n    padding-top: 550px;\n  }\n}\n<\/style>\n  <\/div>\n\n\n\t\t<\/div>\n\t\t\t\t\t<\/div>\n\n\t\n\n\t<div id=\"col-1211444976\" class=\"col index-up medium-12 small-11 large-6\"  >\n\t\t\t\t<div class=\"col-inner\"  >\n\t\t\t\n\t\t\t\n\t<div id=\"gap-203403063\" class=\"gap-element clearfix\" style=\"display:block; height:auto;\">\n\t\t\n<style>\n#gap-203403063 {\n  padding-top: 30px;\n}\n<\/style>\n\t<\/div>\n\t\n<div class=\"row align-center\"  id=\"row-1952444051\">\n\n\t<div id=\"col-1382458405\" class=\"col index-up medium-11 small-12 large-12\"  >\n\t\t\t\t<div class=\"col-inner text-center\" style=\"background-color:rgb(255, 255, 255);\" >\n\t\t\t\n\t\t\t\n<h2>Centro de Interpretaci\u00f3n de la Emigraci\u00f3n &#8220;Casa \u00c1ngel Castro&#8221;<\/h2>\n<p>El Centro de Interpretaci\u00f3n de la Emigraci\u00f3n, conocido como &#8216;Casa \u00c1ngel Castro&#8217;, es un lugar de homenaje y reflexi\u00f3n sobre la historia de la emigraci\u00f3n gallega hacia Am\u00e9rica, en especial a Cuba. Situado en L\u00e1ncara, el hogar natal de \u00c1ngel Castro, padre de Fidel Castro, este centro preserva las vivencias, sue\u00f1os y luchas de los miles de gallegos que cruzaron el oc\u00e9ano en busca de un futuro mejor. Es, adem\u00e1s, un s\u00edmbolo de los lazos hist\u00f3ricos y culturales que a\u00fan nos unen.<\/p>\n\t<div id=\"stack-3489483726\" class=\"stack stack-row justify-center items-stretch sm:stack-col\">\n\t\t\n<a class=\"button secondary lowercase\"  style=\"border-radius:5px;padding:5px 20px 5px 20px;\">\n\t\t<span>M\u00e1s<\/span>\n\t<\/a>\n\n<a class=\"button secondary is-outline lowercase\"  style=\"border-radius:5px;padding:5px 20px 5px 20px;\">\n\t\t<span>Contacto<\/span>\n\t<\/a>\n\n\t\t\n<style>\n#stack-3489483726 > * {\n  --stack-gap: 0.5rem;\n}\n<\/style>\n\t<\/div>\n\t\n\t\t<\/div>\n\t\t\t\t\n<style>\n#col-1382458405 > .col-inner {\n  padding: 15% 10% 15% 10%;\n  margin: -100px 0px 0px 0px;\n  border-radius: 5px;\n}\n@media (min-width:550px) {\n  #col-1382458405 > .col-inner {\n    padding: 6% 6% 6% 6%;\n    margin: -150px 0px 0px 0px;\n  }\n}\n@media (min-width:850px) {\n  #col-1382458405 > .col-inner {\n    padding: 7% 10% 7% 10%;\n    margin: 0px 0px 0px -100px;\n  }\n}\n<\/style>\n\t<\/div>\n\n\t\n<\/div>\n\t\t<\/div>\n\t\t\t\t\n<style>\n#col-1211444976 > .col-inner {\n  padding: 10px 0px 20px 0px;\n}\n@media (min-width:550px) {\n  #col-1211444976 > .col-inner {\n    padding: 35px 0px 30px 0px;\n  }\n}\n@media (min-width:850px) {\n  #col-1211444976 > .col-inner {\n    padding: 0 0px 0px 0px;\n  }\n}\n<\/style>\n\t<\/div>\n\n\t\n<\/div>\n\t\t<\/div>\n\n\t\t\n<style>\n#section_387960646 {\n  padding-top: 0px;\n  padding-bottom: 0px;\n  margin-bottom: 0px;\n  background-color: #273647;\n}\n@media (min-width:550px) {\n  #section_387960646 {\n    padding-top: 0px;\n    padding-bottom: 0px;\n  }\n}\n<\/style>\n\t<\/section>\n\t\n","protected":false},"excerpt":{"rendered":"","protected":false},"author":1,"featured_media":0,"parent":6370,"menu_order":0,"comment_status":"closed","ping_status":"closed","template":"page-blank.php","meta":{"footnotes":""},"class_list":["post-6411","page","type-page","status-publish","hentry"],"_links":{"self":[{"href":"https:\/\/lancaracuba.org\/gl\/wp-json\/wp\/v2\/pages\/6411","targetHints":{"allow":["GET"]}}],"collection":[{"href":"https:\/\/lancaracuba.org\/gl\/wp-json\/wp\/v2\/pages"}],"about":[{"href":"https:\/\/lancaracuba.org\/gl\/wp-json\/wp\/v2\/types\/page"}],"author":[{"embeddable":true,"href":"https:\/\/lancaracuba.org\/gl\/wp-json\/wp\/v2\/users\/1"}],"replies":[{"embeddable":true,"href":"https:\/\/lancaracuba.org\/gl\/wp-json\/wp\/v2\/comments?post=6411"}],"version-history":[{"count":1,"href":"https:\/\/lancaracuba.org\/gl\/wp-json\/wp\/v2\/pages\/6411\/revisions"}],"predecessor-version":[{"id":6414,"href":"https:\/\/lancaracuba.org\/gl\/wp-json\/wp\/v2\/pages\/6411\/revisions\/6414"}],"up":[{"embeddable":true,"href":"https:\/\/lancaracuba.org\/gl\/wp-json\/wp\/v2\/pages\/6370"}],"wp:attachment":[{"href":"https:\/\/lancaracuba.org\/gl\/wp-json\/wp\/v2\/media?parent=6411"}],"curies":[{"name":"wp","href":"https:\/\/api.w.org\/{rel}","templated":true}]}}