{"id":6370,"date":"2024-11-13T18:13:07","date_gmt":"2024-11-13T18:13:07","guid":{"rendered":"https:\/\/lancaracuba.org\/proyectos\/"},"modified":"2025-02-01T21:59:15","modified_gmt":"2025-02-01T21:59:15","slug":"proyectos","status":"publish","type":"page","link":"https:\/\/lancaracuba.org\/gl\/proyectos\/","title":{"rendered":"Proxectos"},"content":{"rendered":"\n\t<section class=\"section\" id=\"section_969304484\">\n\t\t<div class=\"section-bg fill\" >\n\t\t\t\t\t\t\t\t\t\n\t\t\t\n\n\t\t<\/div>\n\n\t\t\n\n\t\t<div class=\"section-content relative\">\n\t\t\t\n<div class=\"row\" style=\"max-width:1200px\" id=\"row-2099676571\">\n\n\t<div id=\"col-212827274\" class=\"col medium-6 small-12 large-5\"  >\n\t\t\t\t<div class=\"col-inner\"  >\n\t\t\t\n\t\t\t\n\t<div id=\"gap-675140778\" class=\"gap-element clearfix\" style=\"display:block; height:auto;\">\n\t\t\n<style>\n#gap-675140778 {\n  padding-top: 60px;\n}\n<\/style>\n\t<\/div>\n\t\n\t<div id=\"text-2740083138\" class=\"text\">\n\t\t\n<h1>Proxectos<\/h1>\n\t\t\n<style>\n#text-2740083138 {\n  font-size: 2.75rem;\n}\n<\/style>\n\t<\/div>\n\t\n\t\t<\/div>\n\t\t\t\t\t<\/div>\n\n\t\n<\/div>\n\t\t<\/div>\n\n\t\t\n<style>\n#section_969304484 {\n  padding-top: 30px;\n  padding-bottom: 30px;\n  min-height: 300px;\n  background-color: rgb(249, 245, 229);\n}\n@media (min-width:550px) {\n  #section_969304484 {\n    min-height: 400px;\n  }\n}\n<\/style>\n\t<\/section>\n\t\n\n\t<section class=\"section\" id=\"section_1719838645\">\n\t\t<div class=\"section-bg fill\" >\n\t\t\t\t\t\t\t\t\t\n\t\t\t\n\n\t\t<\/div>\n\n\t\t\n\n\t\t<div class=\"section-content relative\">\n\t\t\t\n<div class=\"row\" style=\"max-width:1200px\" id=\"row-1325136813\">\n\n\t<div id=\"col-126702910\" class=\"col small-12 large-12\"  >\n\t\t\t\t<div class=\"col-inner\"  >\n\t\t\t\n\t\t\t\n<div class=\"row align-bottom\" style=\"max-width:1200px\" id=\"row-840910359\">\n\n\t<div id=\"col-294175744\" class=\"col medium-12 small-12 large-6\"  >\n\t\t\t\t<div class=\"col-inner\"  >\n\t\t\t\n\t\t\t\n<h2>Proxecto de Documentaci\u00f3n e Preservaci\u00f3n Hist\u00f3rica<\/h2>\n<p>Mediante o <strong>Centro de Interpretaci\u00f3n da Emigraci\u00f3n &#8220;Casa \u00c1ngel Castro&#8221;<\/strong>, a Asociaci\u00f3n realiza proxectos de preservaci\u00f3n da historia da emigraci\u00f3n galega a Cuba. O centro funciona como un Centro de Interpretaci\u00f3n e arquivo vivo, recollendo testemu\u00f1os, documentos e obxectos que narran a historia desta migraci\u00f3n.<\/p>\n<p><strong>Impacto:<\/strong><br \/>\nDifusi\u00f3n da historia migratoria galega, cun crecente n\u00famero de visitantes e actividades educativas que conectan \u00e1s novas xeraci\u00f3ns coa s\u00faa herdanza cultural.<\/p>\n<a class=\"button secondary is-link lowercase\"  >\n\t\t<span>M\u00e1is<\/span>\n\t<i class=\"icon-angle-right\" aria-hidden=\"true\" ><\/i><\/a>\n\n\t\t<\/div>\n\t\t\t\t\t<\/div>\n\n\t\n\n\t<div id=\"col-688743257\" class=\"col medium-12 small-12 large-6 medium-col-first\"  >\n\t\t\t\t<div class=\"col-inner\"  >\n\t\t\t\n\t\t\t\n\n  <div class=\"banner has-hover\" id=\"banner-731748534\">\n          <div class=\"banner-inner fill\">\n        <div class=\"banner-bg fill\" >\n            <img loading=\"lazy\" decoding=\"async\" width=\"800\" height=\"600\" src=\"https:\/\/lancaracuba.org\/wp-content\/uploads\/2020\/01\/compa_7.png\" class=\"bg attachment-large size-large\" alt=\"\" \/>                                    \n                    <\/div>\n\t\t\n        <div class=\"banner-layers container\">\n            <div class=\"fill banner-link\"><\/div>            \n   <div id=\"text-box-1147243779\" class=\"text-box banner-layer x50 md-x50 lg-x50 y50 md-y50 lg-y50 res-text\">\n                                <div class=\"text-box-content text dark\">\n              \n              <div class=\"text-inner text-center\">\n                  \n              <\/div>\n           <\/div>\n                            \n<style>\n#text-box-1147243779 {\n  width: 60%;\n}\n#text-box-1147243779 .text-box-content {\n  font-size: 100%;\n}\n@media (min-width:550px) {\n  #text-box-1147243779 {\n    width: 60%;\n  }\n}\n<\/style>\n    <\/div>\n \n        <\/div>\n      <\/div>\n\n            \n<style>\n#banner-731748534 {\n  padding-top: 400px;\n  background-color: rgb(255, 255, 255);\n}\n#banner-731748534 .banner-bg img {\n  object-position: 78% 33%;\n}\n@media (min-width:550px) {\n  #banner-731748534 {\n    padding-top: 600px;\n  }\n}\n@media (min-width:850px) {\n  #banner-731748534 {\n    padding-top: 700px;\n  }\n}\n<\/style>\n  <\/div>\n\n\n\t\t<\/div>\n\t\t\t\t\n<style>\n#col-688743257 > .col-inner {\n  padding: 0px 0px 30px 0px;\n  margin: -70px 0px 0px 0px;\n}\n@media (min-width:850px) {\n  #col-688743257 > .col-inner {\n    margin: -260px 0px 0px 0px;\n  }\n}\n<\/style>\n\t<\/div>\n\n\t\n<\/div>\n\t\t<\/div>\n\t\t\t\t\t<\/div>\n\n\t\n<\/div>\n\t\t<\/div>\n\n\t\t\n<style>\n#section_1719838645 {\n  padding-top: 30px;\n  padding-bottom: 30px;\n}\n<\/style>\n\t<\/section>\n\t\n<!--\n[section label=\"About us\" bg_color=\"rgb(249, 245, 229)\" padding=\"100px\" padding__sm=\"40px\" padding__md=\"80px\"]\n\n[row width=\"custom\" custom_width=\"1200px\"]\n\n[col span=\"9\" span__sm=\"12\" span__md=\"11\"]\n\n[gap]\n\n[ux_banner height=\"500px\" height__sm=\"300px\" bg_color=\"rgb(249, 245, 229)\"]\n\n[text_box width__sm=\"60\" position_x=\"50\" position_y=\"50\"]\n\n[\/text_box]\n\n[\/ux_banner]\n\n[\/col]\n\n[\/row]\n[row width=\"custom\" custom_width=\"1200px\" h_align=\"right\"]\n\n[col span=\"6\" span__sm=\"12\" span__md=\"8\" padding=\"10% 10% 10% 10%\" margin=\"-317px -42px 0px 0px\" margin__sm=\"-42px -42px 0px 0px\" bg_color=\"rgb(255, 255, 255)\"]\n\n[ux_text font_size=\"1.5\"]\n\n\n<h2>Mellor xuntos<\/h2>\n\n\n[\/ux_text]\n\nProgramas de Intercambio Cultural\n\nPara fortalecer o v\u00ednculo entre Espa\u00f1a e Cuba, a Asociaci\u00f3n organiza actividades e eventos de intercambio cultural, tanto en Cuba como en Galicia. Estes programas incl\u00faen talleres, charlas e actividades de difusi\u00f3n da herdanza galega en Cuba e viceversa, enriquecendo a ambas as comunidades.\n\n[\/col]\n\n[\/row]\n\n[\/section]\n[section label=\"Members\" padding=\"70px\"]\n\n[gap]\n\n[row width=\"custom\" custom_width=\"1200px\"]\n\n[col span=\"6\" span__sm=\"12\" padding=\"50px 50px 50px 0px\" padding__md=\"0px 0px 0px 1px\"]\n\n[ux_banner height=\"261px\" height__sm=\"400px\" bg=\"6301\" bg_size=\"medium_large\" bg_color=\"rgb(255, 255, 255)\" bg_pos=\"0% 33%\"]\n\n[text_box width__sm=\"60\" position_x=\"50\" position_y=\"50\"]\n\n[\/text_box]\n\n[\/ux_banner]\n[gap height=\"100px\" height__sm=\"30px\"]\n\n[\/col]\n[col span=\"6\" span__sm=\"12\" padding=\"50px 0px 0px 50px\" padding__sm=\"0px 0px 0px 0\" padding__md=\"50px 0px 0px 20px\"]\n\n[ux_text font_size=\"1.5\"]\n\n\n<h2>Viaxes Solidarias a Cuba<\/h2>\n\n\n[\/ux_text]\n\nA Asociaci\u00f3n ofrece viaxes solidarias a Cuba, onde os participantes poden co\u00f1ecer de preto a realidade das comunidades cubanas e colaborar en proxectos de apoio local. Estas viaxes brindan unha experiencia \u00fanica de inmersi\u00f3n e solidariedade.\n\n<strong>Impacto:<\/strong>\nM\u00e1s de 200 participantes experimentaron de primeira man o valor da solidariedade e contribu\u00edron activamente ao desenvolvemento das comunidades cubanas.\n\n[gap height=\"80px\" height__sm=\"30px\"]\n\n[\/col]\n\n[\/row]\n\n[\/section]--><br \/>\n\n\t<section class=\"section\" id=\"section_147511506\">\n\t\t<div class=\"section-bg fill\" >\n\t\t\t\t\t\t\t\t\t\n\t\t\t\n\n\t\t<\/div>\n\n\t\t\n\n\t\t<div class=\"section-content relative\">\n\t\t\t\n<div class=\"row align-center\" style=\"max-width:1200px\" id=\"row-716359252\">\n\n\t<div id=\"col-552543238\" class=\"col medium-7 small-12 large-5\"  >\n\t\t\t\t<div class=\"col-inner text-center\"  >\n\t\t\t\n\t\t\t\n\t<div id=\"gap-968203117\" class=\"gap-element clearfix\" style=\"display:block; height:auto;\">\n\t\t\n<style>\n#gap-968203117 {\n  padding-top: 50px;\n}\n@media (min-width:550px) {\n  #gap-968203117 {\n    padding-top: 60px;\n  }\n}\n@media (min-width:850px) {\n  #gap-968203117 {\n    padding-top: 70px;\n  }\n}\n<\/style>\n\t<\/div>\n\t\n\t<div id=\"text-1825563443\" class=\"text\">\n\t\t\n<h2>Colaboremos<\/h2>\n\t\t\n<style>\n#text-1825563443 {\n  font-size: 1.5rem;\n  text-align: center;\n}\n<\/style>\n\t<\/div>\n\t\n\t<div id=\"text-651431327\" class=\"text\">\n\t\t\n<p>Estes proxectos reflicten o compromiso da Asociaci\u00f3n de Amizade e Solidariedade L\u00e1ncara &#8211; Cuba por mellorar a calidade de vida de comunidades en Cuba e conservar o legado cultural entre Espa\u00f1a e a illa, cun enfoque en solidariedade, respecto e colaboraci\u00f3n.<\/p>\n\t\t\n<style>\n#text-651431327 {\n  text-align: center;\n}\n<\/style>\n\t<\/div>\n\t\n<a href=\"\/gl\/contacto\/\" class=\"button secondary is-link lowercase\"  >\n\t\t<span>Contacta<\/span>\n\t<i class=\"icon-angle-right\" aria-hidden=\"true\" ><\/i><\/a>\n\n\t\t<\/div>\n\t\t\t\t\t<\/div>\n\n\t\n<\/div>\n\t\t<\/div>\n\n\t\t\n<style>\n#section_147511506 {\n  padding-top: 60px;\n  padding-bottom: 60px;\n  background-color: rgb(248, 245, 228);\n}\n@media (min-width:550px) {\n  #section_147511506 {\n    padding-top: 70px;\n    padding-bottom: 70px;\n  }\n}\n<\/style>\n\t<\/section>\n\t\n","protected":false},"excerpt":{"rendered":"","protected":false},"author":1,"featured_media":0,"parent":0,"menu_order":0,"comment_status":"closed","ping_status":"closed","template":"page-blank.php","meta":{"footnotes":""},"class_list":["post-6370","page","type-page","status-publish","hentry"],"_links":{"self":[{"href":"https:\/\/lancaracuba.org\/gl\/wp-json\/wp\/v2\/pages\/6370","targetHints":{"allow":["GET"]}}],"collection":[{"href":"https:\/\/lancaracuba.org\/gl\/wp-json\/wp\/v2\/pages"}],"about":[{"href":"https:\/\/lancaracuba.org\/gl\/wp-json\/wp\/v2\/types\/page"}],"author":[{"embeddable":true,"href":"https:\/\/lancaracuba.org\/gl\/wp-json\/wp\/v2\/users\/1"}],"replies":[{"embeddable":true,"href":"https:\/\/lancaracuba.org\/gl\/wp-json\/wp\/v2\/comments?post=6370"}],"version-history":[{"count":6,"href":"https:\/\/lancaracuba.org\/gl\/wp-json\/wp\/v2\/pages\/6370\/revisions"}],"predecessor-version":[{"id":6614,"href":"https:\/\/lancaracuba.org\/gl\/wp-json\/wp\/v2\/pages\/6370\/revisions\/6614"}],"wp:attachment":[{"href":"https:\/\/lancaracuba.org\/gl\/wp-json\/wp\/v2\/media?parent=6370"}],"curies":[{"name":"wp","href":"https:\/\/api.w.org\/{rel}","templated":true}]}}