{"id":6437,"date":"2024-11-10T01:25:45","date_gmt":"2024-11-10T01:25:45","guid":{"rendered":"https:\/\/lancaracuba.org\/asociacion\/"},"modified":"2025-02-01T23:10:03","modified_gmt":"2025-02-01T23:10:03","slug":"asociacion","status":"publish","type":"page","link":"https:\/\/lancaracuba.org\/fr\/asociacion\/","title":{"rendered":"L&rsquo;association"},"content":{"rendered":"<p>L\u00e1ncara est une petite municipalit\u00e9 de la province de Lugo, une zone rurale avec une population de moins de 2500 habitants. Elle est connue pour la beaut\u00e9 de ses paysages, sa tranquillit\u00e9, le Chemin de Saint-Jacques et une petite maison o\u00f9 naquit en 1875 \u00c1ngel Castro Argiz, un Galicien \u00e9migr\u00e9 \u00e0 Cuba, o\u00f9 il planta des arbres qui fleurissent encore aujourd&rsquo;hui. P\u00e8re de Fidel et Ra\u00fal, deux personnages qui ont marqu\u00e9 l&rsquo;histoire du monde.<\/p>\n<h2>Comment tout a commenc\u00e9<\/h2>\n<p>En juillet 1992, le commandant Fidel Castro Ruz d\u00e9barque en Galice, invit\u00e9 en Espagne avec un agenda charg\u00e9 : l&rsquo;exposition universelle de S\u00e9ville et les Jeux olympiques de Barcelone, entre autres, mais il a la ferme intention de conna\u00eetre ses origines, la maison o\u00f9 son p\u00e8re est n\u00e9 et a grandi. Son p\u00e8re lui avait racont\u00e9 tant d&rsquo;histoires sur l&rsquo;humble vie \u00e0 L\u00e1ncara, celle d&rsquo;un paysan dans une maison sans \u00e9lectricit\u00e9 ni eau potable, o\u00f9 le seul chauffage provenait de la chaleur des animaux qui vivaient avec lui. Il est enfin arriv\u00e9 \u00e0 la maison et, en entrant, il a pleur\u00e9 d&rsquo;\u00e9motion. Elle lui a dit que c&rsquo;\u00e9tait un grand honneur de la rencontrer et d&rsquo;\u00eatre une descendante de Gallegos. Cela l&rsquo;a rendue tr\u00e8s heureuse.<\/p>\n<p>Cette invitation historique, faite par Manuel Fraga, pr\u00e9sident de la Xunta de Galicia, s&rsquo;est termin\u00e9e par un p\u00e8lerinage, une f\u00eate galicienne avec du poulpe, de la queimada et des dominos, qui a \u00e9t\u00e9 publi\u00e9e dans tous les m\u00e9dias nationaux et internationaux, o\u00f9 deux personnes aux id\u00e9es politiques si oppos\u00e9es se sont rencontr\u00e9es avec un n\u0153ud d&rsquo;union&#8230; les racines, l&rsquo;\u00e9migration galicienne des parents de ces deux personnes \u00e0 Cuba.<\/p>\n<h2>Amiti\u00e9 avec les peuples<\/h2>\n<p>Apr\u00e8s cet \u00e9v\u00e9nement historique, Fidel a pu ressentir l&rsquo;affection de la Galice et de L\u00e1ncara \u00e0 son \u00e9gard, un voisin de plus, nomm\u00e9 fils adoptif de la commune. Cet accueil affectueux de L\u00e1ncara a \u00e9galement re\u00e7u une r\u00e9ponse de Fidel. L&rsquo;invitation \u00e0 Cuba de toute la municipalit\u00e9 et de ses voisins a \u00e9t\u00e9 accept\u00e9e, bien s\u00fbr pour conna\u00eetre la merveilleuse \u00eele de Cuba. La d\u00e9l\u00e9gation de l&rsquo;humble ville de L\u00e1ncara a \u00e9t\u00e9 accueillie avec une amiti\u00e9 et une affection inimaginables. En quelques jours sur l&rsquo;\u00eele, la d\u00e9l\u00e9gation de Lancarese a appris \u00e0 conna\u00eetre l&rsquo;histoire de Cuba, la r\u00e9volution et m\u00eame Fidel a cuisin\u00e9 pour eux.<\/p>\n<h2>Liens historiques entre L\u00e1ncara et Cuba<\/h2>\n<p>La d\u00e9l\u00e9gation de L\u00e1ncara a effectu\u00e9 4 voyages, toujours \u00e0 l&rsquo;invitation de Fidel, o\u00f9 l&rsquo;amiti\u00e9 a fait place \u00e0 un lien presque familial. Un jumelage avec L\u00e1ncara a eu lieu, une maternit\u00e9 a re\u00e7u le beau nom de \u00ab Luz de L\u00e1ncara \u00bb et m\u00eame le premier rago\u00fbt galicien a \u00e9t\u00e9 cuisin\u00e9 \u00e0 Cuba. Le maire de L\u00e1ncara a re\u00e7u les cl\u00e9s de la ville de La Havane. Pour sa part, L\u00e1ncara a toujours fait preuve d&rsquo;une grande solidarit\u00e9 avec Cuba en faisant des dons \u00e0 chacun de ses voyages.<\/p>\n<h2>Visite de Ra\u00fal Castro<\/h2>\n<p>En 2005, L\u00e1ncara a \u00e9galement re\u00e7u Ra\u00fal Castro pour lui faire visiter la maison de son p\u00e8re, une visite non officielle et plus discr\u00e8te que celle de Fidel. Ra\u00fal a \u00e9galement toujours voulu visiter la maison natale de son p\u00e8re, car ses fr\u00e8res a\u00een\u00e9s l&rsquo;avaient visit\u00e9e et pas lui. Il a d\u00e9clar\u00e9 : \u00ab Je suis \u00e9mu par l&rsquo;humilit\u00e9 dans laquelle mon p\u00e8re a v\u00e9cu, j&rsquo;aimerais passer plus de temps seul dans la maison&#8230; \u00bb.<\/p>\n<p>Le concello de L\u00e1ncara a toujours essay\u00e9 de r\u00e9parer la maison et d&rsquo;en faire un mus\u00e9e, sans succ\u00e8s, car la possibilit\u00e9 d&rsquo;une politisation de ce mus\u00e9e n&rsquo;\u00e9tait pas du go\u00fbt de la famille d&rsquo;\u00c1ngel.<\/p>\n<p>En 2018, le conseil municipal de L\u00e1ncara a approuv\u00e9 \u00e0 l&rsquo;unanimit\u00e9 l&rsquo;attribution du nom et du titre de fils adoptif \u00e0 Ra\u00fal Castro. \u00c0 cette fin, un parchemin contenant l&rsquo;histoire de L\u00e1ncara et de Cuba a \u00e9t\u00e9 r\u00e9alis\u00e9, que Ra\u00fal a accept\u00e9. La distinction a \u00e9t\u00e9 remise \u00e0 Don Eusebio Leal, historien de La Havane, le 9 f\u00e9vrier 2018.<\/p>\n<h2>L&rsquo;association<\/h2>\n<p>Le 19 janvier 2018, l&rsquo;Association d&rsquo;amiti\u00e9 et de solidarit\u00e9 de L\u00e1ncara avec Cuba \u00ab Casa \u00c1ngel Castro \u00bb a \u00e9t\u00e9 constitu\u00e9e, apr\u00e8s de nombreux voyages \u00e0 Cuba et l&rsquo;\u00e9tablissement de liens d&rsquo;amiti\u00e9, toujours gr\u00e2ce \u00e0 l&rsquo;ICAP.<\/p>\n<p>Apr\u00e8s de nombreux sacrifices et une pand\u00e9mie, nous avons r\u00e9ussi \u00e0 fixer une date pour l&rsquo;inauguration. Elle co\u00efnciderait avec le 30e anniversaire de la visite de Fidel Castro \u00e0 L\u00e1ncara, le 28 juillet 2022.<\/p>\n<p>L&rsquo;Association d&rsquo;amiti\u00e9 et de solidarit\u00e9 de L\u00e1ncara avec Cuba \u00ab Casa \u00c1ngel Castro \u00bb, officiellement fond\u00e9e en 2018, a plusieurs objectifs :<\/p>\n<p>1 &#8211; Rapprocher Cuba et son peuple de la culture espagnole et internationale et vice versa.<\/p>\n<p>2 &#8211; Promouvoir les \u00e9changes culturels.<\/p>\n<p>3 &#8211; Promouvoir la coop\u00e9ration et le d\u00e9veloppement.<\/p>\n<p>Cependant, l&rsquo;association d\u00e9veloppe depuis plus de trente ans un travail permanent d&rsquo;\u00e9change et de coop\u00e9ration multilat\u00e9rale avec Cuba.<\/p>\n<p><strong>Pour la solidarit\u00e9 internationale<\/strong><\/p>\n<p><strong>Avec Cuba<\/strong><\/p>\n","protected":false},"excerpt":{"rendered":"<p>L\u00e1ncara est une petite municipalit\u00e9 de la province de Lugo, une zone rurale avec une population de moins de 2500 habitants. Elle est connue pour la beaut\u00e9 de ses paysages, sa tranquillit\u00e9, le Chemin de Saint-Jacques et une petite maison o\u00f9 naquit en 1875 \u00c1ngel Castro Argiz, un Galicien \u00e9migr\u00e9 \u00e0 Cuba, o\u00f9 il planta [&#8230;]\n","protected":false},"author":1,"featured_media":0,"parent":0,"menu_order":0,"comment_status":"closed","ping_status":"closed","template":"","meta":{"footnotes":""},"class_list":["post-6437","page","type-page","status-publish","hentry"],"_links":{"self":[{"href":"https:\/\/lancaracuba.org\/fr\/wp-json\/wp\/v2\/pages\/6437","targetHints":{"allow":["GET"]}}],"collection":[{"href":"https:\/\/lancaracuba.org\/fr\/wp-json\/wp\/v2\/pages"}],"about":[{"href":"https:\/\/lancaracuba.org\/fr\/wp-json\/wp\/v2\/types\/page"}],"author":[{"embeddable":true,"href":"https:\/\/lancaracuba.org\/fr\/wp-json\/wp\/v2\/users\/1"}],"replies":[{"embeddable":true,"href":"https:\/\/lancaracuba.org\/fr\/wp-json\/wp\/v2\/comments?post=6437"}],"version-history":[{"count":3,"href":"https:\/\/lancaracuba.org\/fr\/wp-json\/wp\/v2\/pages\/6437\/revisions"}],"predecessor-version":[{"id":6625,"href":"https:\/\/lancaracuba.org\/fr\/wp-json\/wp\/v2\/pages\/6437\/revisions\/6625"}],"wp:attachment":[{"href":"https:\/\/lancaracuba.org\/fr\/wp-json\/wp\/v2\/media?parent=6437"}],"curies":[{"name":"wp","href":"https:\/\/api.w.org\/{rel}","templated":true}]}}